{"id":12,"date":"2021-08-24T09:38:42","date_gmt":"2021-08-24T09:38:42","guid":{"rendered":"https:\/\/shuliypugmill.com\/?page_id=12"},"modified":"2021-12-20T10:05:48","modified_gmt":"2021-12-20T10:05:48","slug":"about-us","status":"publish","type":"page","link":"https:\/\/shuliypugmill.com\/es\/about-us\/","title":{"rendered":"Sobre nosotros"},"content":{"rendered":"<div data-elementor-type=\"wp-page\" data-elementor-id=\"12\" class=\"elementor elementor-12\" data-elementor-post-type=\"page\"> \t\t\t\t\t\t<section class=\"elementor-section elementor-top-section elementor-element elementor-element-5769eb2 elementor-section-height-min-height elementor-section-boxed elementor-section-height-default elementor-section-items-middle\" data-id=\"5769eb2\" data-element_type=\"section\" data-e-type=\"section\" data-settings=\"{&quot;background_background&quot;:&quot;classic&quot;}\"> \t\t\t\t\t\t<div class=\"elementor-container elementor-column-gap-default\"> \t\t\t\t\t<div class=\"elementor-column elementor-col-100 elementor-top-column elementor-element elementor-element-0d1d4ce\" data-id=\"0d1d4ce\" data-element_type=\"column\" data-e-type=\"column\"> \t\t\t<div class=\"elementor-widget-wrap elementor-element-populated\"> \t\t\t\t\t\t<div class=\"elementor-element elementor-element-f05b4f5 elementor-widget elementor-widget-heading\" data-id=\"f05b4f5\" data-element_type=\"widget\" data-e-type=\"widget\" data-widget_type=\"heading.default\"> \t\t\t\t\t<p class=\"elementor-heading-title elementor-size-default\">Equipo de maquinaria Shuliy Co., Ltd.<\/p>\t\t\t\t<\/div> \t\t\t\t<div class=\"elementor-element elementor-element-1a2432a elementor-widget elementor-widget-heading\" data-id=\"1a2432a\" data-element_type=\"widget\" data-e-type=\"widget\" data-widget_type=\"heading.default\"> \t\t\t\t\t<h2 class=\"elementor-heading-title elementor-size-default\">Sobre nosotros<\/h2>\t\t\t\t<\/div> \t\t\t\t\t<\/div> \t\t<\/div> \t\t\t\t\t<\/div> \t\t<\/section> \t\t\t\t<section class=\"elementor-section elementor-top-section elementor-element elementor-element-e328dc0 elementor-section-boxed elementor-section-height-default elementor-section-height-default\" data-id=\"e328dc0\" data-element_type=\"section\" data-e-type=\"section\"> \t\t\t\t\t\t<div class=\"elementor-container elementor-column-gap-wider\"> \t\t\t\t\t<div class=\"elementor-column elementor-col-50 elementor-top-column elementor-element elementor-element-8659d2f\" data-id=\"8659d2f\" data-element_type=\"column\" data-e-type=\"column\"> \t\t\t<div class=\"elementor-widget-wrap elementor-element-populated\"> \t\t\t\t\t\t<div class=\"elementor-element elementor-element-fcc18a6 elementor-widget elementor-widget-heading\" data-id=\"fcc18a6\" data-element_type=\"widget\" data-e-type=\"widget\" data-widget_type=\"heading.default\"> \t\t\t\t\t<h2 class=\"elementor-heading-title elementor-size-default\">Perfil de la empresa<\/h2>\t\t\t\t<\/div> \t\t\t\t<div class=\"elementor-element elementor-element-be329f9 elementor-widget elementor-widget-text-editor\" data-id=\"be329f9\" data-element_type=\"widget\" data-e-type=\"widget\" data-widget_type=\"text-editor.default\"> \t\t\t\t\t\t\t\t\t<p>Shuliy Machinery se especializa en la producci\u00f3n de m\u00e1quinas para tejas de arcilla, m\u00e1quinas para tejas al vac\u00edo, m\u00e1quinas para tejas antiguas, m\u00e1quinas para tejas antiguas, m\u00e1quinas para tejas de arcilla al vac\u00edo, peque\u00f1as m\u00e1quinas para tejas azules, m\u00e1quinas mezcladoras de arcilla, m\u00e1quinas para fabricar ladrillos con descarga de arcilla, m\u00e1quinas para fabricar arcilla al vac\u00edo multifunci\u00f3n Es un fabricante de m\u00e1quinas para construir ladrillos y tejas antiguas, m\u00e1quinas para ladrillos antiguos, m\u00e1quinas para tejas de color cemento, m\u00e1quinas para fabricar ladrillos de arcilla y equipos de soporte (mezcladoras de doble eje, trituradoras de rodillos, alimentadores autom\u00e1ticos, peque\u00f1as m\u00e1quinas manuales para tejas) y otros productos.<\/p>\t\t\t\t\t\t\t\t<\/div> \t\t\t\t\t<\/div> \t\t<\/div> \t\t\t\t<div class=\"elementor-column elementor-col-50 elementor-top-column elementor-element elementor-element-052677a\" data-id=\"052677a\" data-element_type=\"column\" data-e-type=\"column\"> \t\t\t<div class=\"elementor-widget-wrap elementor-element-populated\"> \t\t\t\t\t\t<div class=\"elementor-element elementor-element-cf2bb8d elementor-widget elementor-widget-image\" data-id=\"cf2bb8d\" data-element_type=\"widget\" data-e-type=\"widget\" data-widget_type=\"image.default\"> \t\t\t\t\t\t\t\t\t\t\t\t\t\t\t<img fetchpriority=\"high\" decoding=\"async\" width=\"720\" height=\"540\" src=\"https:\/\/shuliypugmill.com\/wp-content\/uploads\/2021\/09\/our-team-and-factory.jpg\" class=\"attachment-large size-large wp-image-227\" alt=\"nuestro equipo y f\u00e1brica\" srcset=\"https:\/\/shuliypugmill.com\/wp-content\/uploads\/2021\/09\/our-team-and-factory.jpg 720w, https:\/\/shuliypugmill.com\/wp-content\/uploads\/2021\/09\/our-team-and-factory-300x225.jpg 300w\" sizes=\"(max-width: 720px) 100vw, 720px\" title=\"\">\t\t\t\t\t\t\t\t\t\t\t\t\t\t\t<\/div> \t\t\t\t\t<\/div> \t\t<\/div> \t\t\t\t\t<\/div> \t\t<\/section> \t\t\t\t<section class=\"elementor-section elementor-top-section elementor-element elementor-element-f5f811c elementor-section-boxed elementor-section-height-default elementor-section-height-default\" data-id=\"f5f811c\" data-element_type=\"section\" data-e-type=\"section\"> \t\t\t\t\t\t<div class=\"elementor-container elementor-column-gap-wider\"> \t\t\t\t\t<div class=\"elementor-column elementor-col-50 elementor-top-column elementor-element elementor-element-08d8bd7\" data-id=\"08d8bd7\" data-element_type=\"column\" data-e-type=\"column\"> \t\t\t<div class=\"elementor-widget-wrap elementor-element-populated\"> \t\t\t\t\t\t<div class=\"elementor-element elementor-element-d9be521 elementor-widget elementor-widget-image\" data-id=\"d9be521\" data-element_type=\"widget\" data-e-type=\"widget\" data-widget_type=\"image.default\"> \t\t\t\t\t\t\t\t\t\t\t\t\t\t\t<img decoding=\"async\" width=\"750\" height=\"685\" src=\"https:\/\/shuliypugmill.com\/wp-content\/uploads\/2021\/09\/visitors.jpg\" class=\"attachment-large size-large wp-image-324\" alt=\"visitantes\" srcset=\"https:\/\/shuliypugmill.com\/wp-content\/uploads\/2021\/09\/visitors.jpg 750w, https:\/\/shuliypugmill.com\/wp-content\/uploads\/2021\/09\/visitors-300x274.jpg 300w\" sizes=\"(max-width: 750px) 100vw, 750px\" title=\"\">\t\t\t\t\t\t\t\t\t\t\t\t\t\t\t<\/div> \t\t\t\t\t<\/div> \t\t<\/div> \t\t\t\t<div class=\"elementor-column elementor-col-50 elementor-top-column elementor-element elementor-element-8b049a5\" data-id=\"8b049a5\" data-element_type=\"column\" data-e-type=\"column\"> \t\t\t<div class=\"elementor-widget-wrap elementor-element-populated\"> \t\t\t\t\t\t<div class=\"elementor-element elementor-element-6c78662 elementor-widget elementor-widget-heading\" data-id=\"6c78662\" data-element_type=\"widget\" data-e-type=\"widget\" data-widget_type=\"heading.default\"> \t\t\t\t\t<h2 class=\"elementor-heading-title elementor-size-default\">Logro empresarial<\/h2>\t\t\t\t<\/div> \t\t\t\t<div class=\"elementor-element elementor-element-db21607 elementor-widget elementor-widget-text-editor\" data-id=\"db21607\" data-element_type=\"widget\" data-e-type=\"widget\" data-widget_type=\"text-editor.default\"> \t\t\t\t\t\t\t\t\t<p>Shuliy Machinery produce miles de equipos al a\u00f1o y sus productos se exportan a m\u00e1s de diez regiones y regiones como el sudeste asi\u00e1tico, Europa, Am\u00e9rica y \u00c1frica. En los \u00faltimos a\u00f1os, la empresa ha fortalecido continuamente la cooperaci\u00f3n internacional y ha establecido buenas relaciones de cooperaci\u00f3n con clientes en Rusia, Jap\u00f3n, M\u00e9xico, Irak, Sud\u00e1frica, Alemania, Suiza y otras regiones. La empresa Shuli tiene una gesti\u00f3n de calidad completa y cient\u00edfica y un sistema de servicio de ventas t\u00e9cnicamente superior, los productos han pasado las certificaciones ISO9001 y UT, y la red de marketing se encuentra en todo el pa\u00eds. Damos la m\u00e1s sincera bienvenida a nuevos y viejos amigos de todo el mundo para que nos llamen o escriban y lo invitamos sinceramente a visitar nuestra f\u00e1brica para realizar una inspecci\u00f3n y orientaci\u00f3n en el sitio, venir a Shuliy Machinery como invitado y negociar negocios.<\/p>\t\t\t\t\t\t\t\t<\/div> \t\t\t\t\t<\/div> \t\t<\/div> \t\t\t\t\t<\/div> \t\t<\/section> \t\t\t\t<section class=\"elementor-section elementor-top-section elementor-element elementor-element-1da0570 elementor-section-boxed elementor-section-height-default elementor-section-height-default\" data-id=\"1da0570\" data-element_type=\"section\" data-e-type=\"section\"> \t\t\t\t\t\t<div class=\"elementor-container elementor-column-gap-wider\"> \t\t\t\t\t<div class=\"elementor-column elementor-col-50 elementor-top-column elementor-element elementor-element-40827c7\" data-id=\"40827c7\" data-element_type=\"column\" data-e-type=\"column\"> \t\t\t<div class=\"elementor-widget-wrap elementor-element-populated\"> \t\t\t\t\t\t<div class=\"elementor-element elementor-element-177c089 elementor-widget elementor-widget-heading\" data-id=\"177c089\" data-element_type=\"widget\" data-e-type=\"widget\" data-widget_type=\"heading.default\"> \t\t\t\t\t<h2 class=\"elementor-heading-title elementor-size-default\">Nuestra misi\u00f3n y valores<\/h2>\t\t\t\t<\/div> \t\t\t\t<div class=\"elementor-element elementor-element-f48c494 elementor-widget elementor-widget-text-editor\" data-id=\"f48c494\" data-element_type=\"widget\" data-e-type=\"widget\" data-widget_type=\"text-editor.default\"> \t\t\t\t\t\t\t\t\t<p>Misi\u00f3n: Dejar que las m\u00e1quinas chinas cambien todos los rincones del mundo.<\/p><p>Valores: Integridad, Gratitud, Altruismo y Ayuda Mutua.<\/p>\t\t\t\t\t\t\t\t<\/div> \t\t\t\t\t<\/div> \t\t<\/div> \t\t\t\t<div class=\"elementor-column elementor-col-50 elementor-top-column elementor-element elementor-element-085b67d\" data-id=\"085b67d\" data-element_type=\"column\" data-e-type=\"column\"> \t\t\t<div class=\"elementor-widget-wrap elementor-element-populated\"> \t\t\t\t\t\t<div class=\"elementor-element elementor-element-3793839 elementor-widget elementor-widget-image\" data-id=\"3793839\" data-element_type=\"widget\" data-e-type=\"widget\" data-widget_type=\"image.default\"> \t\t\t\t\t\t\t\t\t\t\t\t\t\t\t<img decoding=\"async\" width=\"800\" height=\"594\" src=\"https:\/\/shuliypugmill.com\/wp-content\/uploads\/2021\/09\/company-profile.png\" class=\"attachment-large size-large wp-image-325\" alt=\"Perfil de la empresa\" srcset=\"https:\/\/shuliypugmill.com\/wp-content\/uploads\/2021\/09\/company-profile.png 800w, https:\/\/shuliypugmill.com\/wp-content\/uploads\/2021\/09\/company-profile-300x223.png 300w, https:\/\/shuliypugmill.com\/wp-content\/uploads\/2021\/09\/company-profile-768x570.png 768w\" sizes=\"(max-width: 800px) 100vw, 800px\" title=\"\">\t\t\t\t\t\t\t\t\t\t\t\t\t\t\t<\/div> \t\t\t\t\t<\/div> \t\t<\/div> \t\t\t\t\t<\/div> \t\t<\/section> \t\t\t\t<\/div>","protected":false},"excerpt":{"rendered":"<p>Shuliy Machinery Equipment Co., Ltd About Us Company profile Shuliy Machinery specializes in the production of clay tile machines, vacuum tile machines, antique tile machines, ancient tile machines, vacuum clay tile machines, small blue tile machine, clay mixing machines, claystone discharging brick making machines, multi-function vacuum clay making machines It is a manufacturer of ancient [&hellip;]<\/p>\n","protected":false},"author":1,"featured_media":0,"parent":0,"menu_order":0,"comment_status":"closed","ping_status":"closed","template":"","meta":{"_acf_changed":false,"footnotes":""},"class_list":["post-12","page","type-page","status-publish","hentry"],"acf":[],"_links":{"self":[{"href":"https:\/\/shuliypugmill.com\/es\/wp-json\/wp\/v2\/pages\/12","targetHints":{"allow":["GET"]}}],"collection":[{"href":"https:\/\/shuliypugmill.com\/es\/wp-json\/wp\/v2\/pages"}],"about":[{"href":"https:\/\/shuliypugmill.com\/es\/wp-json\/wp\/v2\/types\/page"}],"author":[{"embeddable":true,"href":"https:\/\/shuliypugmill.com\/es\/wp-json\/wp\/v2\/users\/1"}],"replies":[{"embeddable":true,"href":"https:\/\/shuliypugmill.com\/es\/wp-json\/wp\/v2\/comments?post=12"}],"version-history":[{"count":0,"href":"https:\/\/shuliypugmill.com\/es\/wp-json\/wp\/v2\/pages\/12\/revisions"}],"wp:attachment":[{"href":"https:\/\/shuliypugmill.com\/es\/wp-json\/wp\/v2\/media?parent=12"}],"curies":[{"name":"wp","href":"https:\/\/api.w.org\/{rel}","templated":true}]}}