{"id":12,"date":"2021-08-24T09:38:42","date_gmt":"2021-08-24T09:38:42","guid":{"rendered":"https:\/\/shuliypugmill.com\/?page_id=12"},"modified":"2021-12-20T10:05:48","modified_gmt":"2021-12-20T10:05:48","slug":"about-us","status":"publish","type":"page","link":"https:\/\/shuliypugmill.com\/fr\/about-us\/","title":{"rendered":"\u00c0 propos de nous"},"content":{"rendered":"<div data-elementor-type=\"wp-page\" data-elementor-id=\"12\" class=\"elementor elementor-12\" data-elementor-post-type=\"page\"> \t\t\t\t\t\t<section class=\"elementor-section elementor-top-section elementor-element elementor-element-5769eb2 elementor-section-height-min-height elementor-section-boxed elementor-section-height-default elementor-section-items-middle\" data-id=\"5769eb2\" data-element_type=\"section\" data-e-type=\"section\" data-settings=\"{&quot;background_background&quot;:&quot;classic&quot;}\"> \t\t\t\t\t\t<div class=\"elementor-container elementor-column-gap-default\"> \t\t\t\t\t<div class=\"elementor-column elementor-col-100 elementor-top-column elementor-element elementor-element-0d1d4ce\" data-id=\"0d1d4ce\" data-element_type=\"column\" data-e-type=\"column\"> \t\t\t<div class=\"elementor-widget-wrap elementor-element-populated\"> \t\t\t\t\t\t<div class=\"elementor-element elementor-element-f05b4f5 elementor-widget elementor-widget-heading\" data-id=\"f05b4f5\" data-element_type=\"widget\" data-e-type=\"widget\" data-widget_type=\"heading.default\"> \t\t\t\t\t<p class=\"elementor-heading-title elementor-size-default\">\u00c9quipement Cie., Ltd de machines de Shuliy<\/p>\t\t\t\t<\/div> \t\t\t\t<div class=\"elementor-element elementor-element-1a2432a elementor-widget elementor-widget-heading\" data-id=\"1a2432a\" data-element_type=\"widget\" data-e-type=\"widget\" data-widget_type=\"heading.default\"> \t\t\t\t\t<h2 class=\"elementor-heading-title elementor-size-default\">\u00c0 propos de nous<\/h2>\t\t\t\t<\/div> \t\t\t\t\t<\/div> \t\t<\/div> \t\t\t\t\t<\/div> \t\t<\/section> \t\t\t\t<section class=\"elementor-section elementor-top-section elementor-element elementor-element-e328dc0 elementor-section-boxed elementor-section-height-default elementor-section-height-default\" data-id=\"e328dc0\" data-element_type=\"section\" data-e-type=\"section\"> \t\t\t\t\t\t<div class=\"elementor-container elementor-column-gap-wider\"> \t\t\t\t\t<div class=\"elementor-column elementor-col-50 elementor-top-column elementor-element elementor-element-8659d2f\" data-id=\"8659d2f\" data-element_type=\"column\" data-e-type=\"column\"> \t\t\t<div class=\"elementor-widget-wrap elementor-element-populated\"> \t\t\t\t\t\t<div class=\"elementor-element elementor-element-fcc18a6 elementor-widget elementor-widget-heading\" data-id=\"fcc18a6\" data-element_type=\"widget\" data-e-type=\"widget\" data-widget_type=\"heading.default\"> \t\t\t\t\t<h2 class=\"elementor-heading-title elementor-size-default\">Profil de l'entreprise<\/h2>\t\t\t\t<\/div> \t\t\t\t<div class=\"elementor-element elementor-element-be329f9 elementor-widget elementor-widget-text-editor\" data-id=\"be329f9\" data-element_type=\"widget\" data-e-type=\"widget\" data-widget_type=\"text-editor.default\"> \t\t\t\t\t\t\t\t\t<p>Shuliy Machinery se sp\u00e9cialise dans la production de machines \u00e0 carrelage en argile, de machines \u00e0 carrelage sous vide, de machines \u00e0 carrelage antique, de machines \u00e0 carrelage ancien, de machines \u00e0 carrelage en argile sous vide, de petites machines \u00e0 carrelage bleu, de machines \u00e0 m\u00e9langer l'argile, de machines de fabrication de briques \u00e0 d\u00e9charge de pierre d'argile, de machines multifonctions de fabrication d'argile sous vide. C'est un fabricant de machines \u00e0 briques et \u00e0 carrelage de construction ancienne, de machines \u00e0 briques anciennes, de machines \u00e0 carreaux de couleur ciment, de machines \u00e0 briques d'argile et d'\u00e9quipements de support (m\u00e9langeur \u00e0 double arbre, broyeur \u00e0 rouleaux, alimentateur automatique, petite machine \u00e0 carrelage manuelle) et d'autres produits.<\/p>\t\t\t\t\t\t\t\t<\/div> \t\t\t\t\t<\/div> \t\t<\/div> \t\t\t\t<div class=\"elementor-column elementor-col-50 elementor-top-column elementor-element elementor-element-052677a\" data-id=\"052677a\" data-element_type=\"column\" data-e-type=\"column\"> \t\t\t<div class=\"elementor-widget-wrap elementor-element-populated\"> \t\t\t\t\t\t<div class=\"elementor-element elementor-element-cf2bb8d elementor-widget elementor-widget-image\" data-id=\"cf2bb8d\" data-element_type=\"widget\" data-e-type=\"widget\" data-widget_type=\"image.default\"> \t\t\t\t\t\t\t\t\t\t\t\t\t\t\t<img fetchpriority=\"high\" decoding=\"async\" width=\"720\" height=\"540\" src=\"https:\/\/shuliypugmill.com\/wp-content\/uploads\/2021\/09\/our-team-and-factory.jpg\" class=\"attachment-large size-large wp-image-227\" alt=\"notre \u00e9quipe et notre usine\" srcset=\"https:\/\/shuliypugmill.com\/wp-content\/uploads\/2021\/09\/our-team-and-factory.jpg 720w, https:\/\/shuliypugmill.com\/wp-content\/uploads\/2021\/09\/our-team-and-factory-300x225.jpg 300w\" sizes=\"(max-width: 720px) 100vw, 720px\" title=\"\">\t\t\t\t\t\t\t\t\t\t\t\t\t\t\t<\/div> \t\t\t\t\t<\/div> \t\t<\/div> \t\t\t\t\t<\/div> \t\t<\/section> \t\t\t\t<section class=\"elementor-section elementor-top-section elementor-element elementor-element-f5f811c elementor-section-boxed elementor-section-height-default elementor-section-height-default\" data-id=\"f5f811c\" data-element_type=\"section\" data-e-type=\"section\"> \t\t\t\t\t\t<div class=\"elementor-container elementor-column-gap-wider\"> \t\t\t\t\t<div class=\"elementor-column elementor-col-50 elementor-top-column elementor-element elementor-element-08d8bd7\" data-id=\"08d8bd7\" data-element_type=\"column\" data-e-type=\"column\"> \t\t\t<div class=\"elementor-widget-wrap elementor-element-populated\"> \t\t\t\t\t\t<div class=\"elementor-element elementor-element-d9be521 elementor-widget elementor-widget-image\" data-id=\"d9be521\" data-element_type=\"widget\" data-e-type=\"widget\" data-widget_type=\"image.default\"> \t\t\t\t\t\t\t\t\t\t\t\t\t\t\t<img decoding=\"async\" width=\"750\" height=\"685\" src=\"https:\/\/shuliypugmill.com\/wp-content\/uploads\/2021\/09\/visitors.jpg\" class=\"attachment-large size-large wp-image-324\" alt=\"visiteurs\" srcset=\"https:\/\/shuliypugmill.com\/wp-content\/uploads\/2021\/09\/visitors.jpg 750w, https:\/\/shuliypugmill.com\/wp-content\/uploads\/2021\/09\/visitors-300x274.jpg 300w\" sizes=\"(max-width: 750px) 100vw, 750px\" title=\"\">\t\t\t\t\t\t\t\t\t\t\t\t\t\t\t<\/div> \t\t\t\t\t<\/div> \t\t<\/div> \t\t\t\t<div class=\"elementor-column elementor-col-50 elementor-top-column elementor-element elementor-element-8b049a5\" data-id=\"8b049a5\" data-element_type=\"column\" data-e-type=\"column\"> \t\t\t<div class=\"elementor-widget-wrap elementor-element-populated\"> \t\t\t\t\t\t<div class=\"elementor-element elementor-element-6c78662 elementor-widget elementor-widget-heading\" data-id=\"6c78662\" data-element_type=\"widget\" data-e-type=\"widget\" data-widget_type=\"heading.default\"> \t\t\t\t\t<h2 class=\"elementor-heading-title elementor-size-default\">R\u00e9alisation d'entreprise<\/h2>\t\t\t\t<\/div> \t\t\t\t<div class=\"elementor-element elementor-element-db21607 elementor-widget elementor-widget-text-editor\" data-id=\"db21607\" data-element_type=\"widget\" data-e-type=\"widget\" data-widget_type=\"text-editor.default\"> \t\t\t\t\t\t\t\t\t<p>Shuliy Machinery produit des milliers d'\u00e9quipements chaque ann\u00e9e et ses produits sont export\u00e9s vers plus de dix r\u00e9gions telles que l'Asie du Sud-Est, l'Europe, l'Am\u00e9rique et l'Afrique. Ces derni\u00e8res ann\u00e9es, la soci\u00e9t\u00e9 a continuellement renforc\u00e9 sa coop\u00e9ration internationale et \u00e9tabli de bonnes relations de coop\u00e9ration avec des clients en Russie, au Japon, au Mexique, en Irak, en Afrique du Sud, en Allemagne, en Suisse et dans d'autres r\u00e9gions. La soci\u00e9t\u00e9 Shuli dispose d'un syst\u00e8me de gestion de la qualit\u00e9 complet et scientifique et d'un syst\u00e8me de service de vente techniquement sup\u00e9rieur, les produits ont pass\u00e9 les certifications ISO9001 et UT et le r\u00e9seau de commercialisation s'\u00e9tend dans tout le pays. Nous invitons sinc\u00e8rement les nouveaux et anciens amis du monde entier \u00e0 nous appeler ou \u00e0 nous \u00e9crire et vous invitons sinc\u00e8rement \u00e0 visiter notre usine pour une inspection et des conseils sur place, \u00e0 venir chez Shuliy Machinery en tant qu'invit\u00e9 et \u00e0 n\u00e9gocier des affaires.<\/p>\t\t\t\t\t\t\t\t<\/div> \t\t\t\t\t<\/div> \t\t<\/div> \t\t\t\t\t<\/div> \t\t<\/section> \t\t\t\t<section class=\"elementor-section elementor-top-section elementor-element elementor-element-1da0570 elementor-section-boxed elementor-section-height-default elementor-section-height-default\" data-id=\"1da0570\" data-element_type=\"section\" data-e-type=\"section\"> \t\t\t\t\t\t<div class=\"elementor-container elementor-column-gap-wider\"> \t\t\t\t\t<div class=\"elementor-column elementor-col-50 elementor-top-column elementor-element elementor-element-40827c7\" data-id=\"40827c7\" data-element_type=\"column\" data-e-type=\"column\"> \t\t\t<div class=\"elementor-widget-wrap elementor-element-populated\"> \t\t\t\t\t\t<div class=\"elementor-element elementor-element-177c089 elementor-widget elementor-widget-heading\" data-id=\"177c089\" data-element_type=\"widget\" data-e-type=\"widget\" data-widget_type=\"heading.default\"> \t\t\t\t\t<h2 class=\"elementor-heading-title elementor-size-default\">Notre mission et nos valeurs<\/h2>\t\t\t\t<\/div> \t\t\t\t<div class=\"elementor-element elementor-element-f48c494 elementor-widget elementor-widget-text-editor\" data-id=\"f48c494\" data-element_type=\"widget\" data-e-type=\"widget\" data-widget_type=\"text-editor.default\"> \t\t\t\t\t\t\t\t\t<p>Mission\u00a0: Laissez les machines chinoises changer tous les coins du monde.<\/p><p>Valeurs\u00a0:\u00a0int\u00e9grit\u00e9, gratitude, altruisme et entraide.<\/p>\t\t\t\t\t\t\t\t<\/div> \t\t\t\t\t<\/div> \t\t<\/div> \t\t\t\t<div class=\"elementor-column elementor-col-50 elementor-top-column elementor-element elementor-element-085b67d\" data-id=\"085b67d\" data-element_type=\"column\" data-e-type=\"column\"> \t\t\t<div class=\"elementor-widget-wrap elementor-element-populated\"> \t\t\t\t\t\t<div class=\"elementor-element elementor-element-3793839 elementor-widget elementor-widget-image\" data-id=\"3793839\" data-element_type=\"widget\" data-e-type=\"widget\" data-widget_type=\"image.default\"> \t\t\t\t\t\t\t\t\t\t\t\t\t\t\t<img decoding=\"async\" width=\"800\" height=\"594\" src=\"https:\/\/shuliypugmill.com\/wp-content\/uploads\/2021\/09\/company-profile.png\" class=\"attachment-large size-large wp-image-325\" alt=\"Profil de l&#039;entreprise\" srcset=\"https:\/\/shuliypugmill.com\/wp-content\/uploads\/2021\/09\/company-profile.png 800w, https:\/\/shuliypugmill.com\/wp-content\/uploads\/2021\/09\/company-profile-300x223.png 300w, https:\/\/shuliypugmill.com\/wp-content\/uploads\/2021\/09\/company-profile-768x570.png 768w\" sizes=\"(max-width: 800px) 100vw, 800px\" title=\"\">\t\t\t\t\t\t\t\t\t\t\t\t\t\t\t<\/div> \t\t\t\t\t<\/div> \t\t<\/div> \t\t\t\t\t<\/div> \t\t<\/section> \t\t\t\t<\/div>","protected":false},"excerpt":{"rendered":"<p>Shuliy Machinery Equipment Co., Ltd About Us Company profile Shuliy Machinery specializes in the production of clay tile machines, vacuum tile machines, antique tile machines, ancient tile machines, vacuum clay tile machines, small blue tile machine, clay mixing machines, claystone discharging brick making machines, multi-function vacuum clay making machines It is a manufacturer of ancient [&hellip;]<\/p>\n","protected":false},"author":1,"featured_media":0,"parent":0,"menu_order":0,"comment_status":"closed","ping_status":"closed","template":"","meta":{"_acf_changed":false,"footnotes":""},"class_list":["post-12","page","type-page","status-publish","hentry"],"acf":[],"_links":{"self":[{"href":"https:\/\/shuliypugmill.com\/fr\/wp-json\/wp\/v2\/pages\/12","targetHints":{"allow":["GET"]}}],"collection":[{"href":"https:\/\/shuliypugmill.com\/fr\/wp-json\/wp\/v2\/pages"}],"about":[{"href":"https:\/\/shuliypugmill.com\/fr\/wp-json\/wp\/v2\/types\/page"}],"author":[{"embeddable":true,"href":"https:\/\/shuliypugmill.com\/fr\/wp-json\/wp\/v2\/users\/1"}],"replies":[{"embeddable":true,"href":"https:\/\/shuliypugmill.com\/fr\/wp-json\/wp\/v2\/comments?post=12"}],"version-history":[{"count":0,"href":"https:\/\/shuliypugmill.com\/fr\/wp-json\/wp\/v2\/pages\/12\/revisions"}],"wp:attachment":[{"href":"https:\/\/shuliypugmill.com\/fr\/wp-json\/wp\/v2\/media?parent=12"}],"curies":[{"name":"wp","href":"https:\/\/api.w.org\/{rel}","templated":true}]}}