{"id":12,"date":"2021-08-24T09:38:42","date_gmt":"2021-08-24T09:38:42","guid":{"rendered":"https:\/\/shuliypugmill.com\/?page_id=12"},"modified":"2021-12-20T10:05:48","modified_gmt":"2021-12-20T10:05:48","slug":"about-us","status":"publish","type":"page","link":"https:\/\/shuliypugmill.com\/pt\/about-us\/","title":{"rendered":"Sobre n\u00f3s"},"content":{"rendered":"<div data-elementor-type=\"wp-page\" data-elementor-id=\"12\" class=\"elementor elementor-12\" data-elementor-post-type=\"page\"> \t\t\t\t\t\t<section class=\"elementor-section elementor-top-section elementor-element elementor-element-5769eb2 elementor-section-height-min-height elementor-section-boxed elementor-section-height-default elementor-section-items-middle\" data-id=\"5769eb2\" data-element_type=\"section\" data-e-type=\"section\" data-settings=\"{&quot;background_background&quot;:&quot;classic&quot;}\"> \t\t\t\t\t\t<div class=\"elementor-container elementor-column-gap-default\"> \t\t\t\t\t<div class=\"elementor-column elementor-col-100 elementor-top-column elementor-element elementor-element-0d1d4ce\" data-id=\"0d1d4ce\" data-element_type=\"column\" data-e-type=\"column\"> \t\t\t<div class=\"elementor-widget-wrap elementor-element-populated\"> \t\t\t\t\t\t<div class=\"elementor-element elementor-element-f05b4f5 elementor-widget elementor-widget-heading\" data-id=\"f05b4f5\" data-element_type=\"widget\" data-e-type=\"widget\" data-widget_type=\"heading.default\"> \t\t\t\t\t<p class=\"elementor-heading-title elementor-size-default\">Equipamento de m\u00e1quinas Shuliy Co., Ltd<\/p>\t\t\t\t<\/div> \t\t\t\t<div class=\"elementor-element elementor-element-1a2432a elementor-widget elementor-widget-heading\" data-id=\"1a2432a\" data-element_type=\"widget\" data-e-type=\"widget\" data-widget_type=\"heading.default\"> \t\t\t\t\t<h2 class=\"elementor-heading-title elementor-size-default\">Sobre n\u00f3s<\/h2>\t\t\t\t<\/div> \t\t\t\t\t<\/div> \t\t<\/div> \t\t\t\t\t<\/div> \t\t<\/section> \t\t\t\t<section class=\"elementor-section elementor-top-section elementor-element elementor-element-e328dc0 elementor-section-boxed elementor-section-height-default elementor-section-height-default\" data-id=\"e328dc0\" data-element_type=\"section\" data-e-type=\"section\"> \t\t\t\t\t\t<div class=\"elementor-container elementor-column-gap-wider\"> \t\t\t\t\t<div class=\"elementor-column elementor-col-50 elementor-top-column elementor-element elementor-element-8659d2f\" data-id=\"8659d2f\" data-element_type=\"column\" data-e-type=\"column\"> \t\t\t<div class=\"elementor-widget-wrap elementor-element-populated\"> \t\t\t\t\t\t<div class=\"elementor-element elementor-element-fcc18a6 elementor-widget elementor-widget-heading\" data-id=\"fcc18a6\" data-element_type=\"widget\" data-e-type=\"widget\" data-widget_type=\"heading.default\"> \t\t\t\t\t<h2 class=\"elementor-heading-title elementor-size-default\">Perfil de companhia<\/h2>\t\t\t\t<\/div> \t\t\t\t<div class=\"elementor-element elementor-element-be329f9 elementor-widget elementor-widget-text-editor\" data-id=\"be329f9\" data-element_type=\"widget\" data-e-type=\"widget\" data-widget_type=\"text-editor.default\"> \t\t\t\t\t\t\t\t\t<p>Shuliy Machinery \u00e9 especializada na produ\u00e7\u00e3o de m\u00e1quinas para telhas de barro, m\u00e1quinas para telhas a v\u00e1cuo, m\u00e1quinas para telhas antigas, m\u00e1quinas para telhas antigas, m\u00e1quinas para telhas a v\u00e1cuo, pequenas m\u00e1quinas para telhas azuis, m\u00e1quinas de mistura de argila, m\u00e1quinas para fazer tijolos de descarga de argila, m\u00e1quinas multifuncionais para fazer argila a v\u00e1cuo \u00c9 um fabricante de m\u00e1quinas antigas para tijolos e telhas, m\u00e1quinas para tijolos antigos, m\u00e1quinas para telhas coloridas de cimento, m\u00e1quinas para tijolos de barro e equipamentos de suporte (misturador de eixo duplo, triturador de rolos, alimentador autom\u00e1tico, pequena m\u00e1quina manual para telhas) e outros produtos.<\/p>\t\t\t\t\t\t\t\t<\/div> \t\t\t\t\t<\/div> \t\t<\/div> \t\t\t\t<div class=\"elementor-column elementor-col-50 elementor-top-column elementor-element elementor-element-052677a\" data-id=\"052677a\" data-element_type=\"column\" data-e-type=\"column\"> \t\t\t<div class=\"elementor-widget-wrap elementor-element-populated\"> \t\t\t\t\t\t<div class=\"elementor-element elementor-element-cf2bb8d elementor-widget elementor-widget-image\" data-id=\"cf2bb8d\" data-element_type=\"widget\" data-e-type=\"widget\" data-widget_type=\"image.default\"> \t\t\t\t\t\t\t\t\t\t\t\t\t\t\t<img fetchpriority=\"high\" decoding=\"async\" width=\"720\" height=\"540\" src=\"https:\/\/shuliypugmill.com\/wp-content\/uploads\/2021\/09\/our-team-and-factory.jpg\" class=\"attachment-large size-large wp-image-227\" alt=\"nossa equipe e f\u00e1brica\" srcset=\"https:\/\/shuliypugmill.com\/wp-content\/uploads\/2021\/09\/our-team-and-factory.jpg 720w, https:\/\/shuliypugmill.com\/wp-content\/uploads\/2021\/09\/our-team-and-factory-300x225.jpg 300w\" sizes=\"(max-width: 720px) 100vw, 720px\" title=\"\">\t\t\t\t\t\t\t\t\t\t\t\t\t\t\t<\/div> \t\t\t\t\t<\/div> \t\t<\/div> \t\t\t\t\t<\/div> \t\t<\/section> \t\t\t\t<section class=\"elementor-section elementor-top-section elementor-element elementor-element-f5f811c elementor-section-boxed elementor-section-height-default elementor-section-height-default\" data-id=\"f5f811c\" data-element_type=\"section\" data-e-type=\"section\"> \t\t\t\t\t\t<div class=\"elementor-container elementor-column-gap-wider\"> \t\t\t\t\t<div class=\"elementor-column elementor-col-50 elementor-top-column elementor-element elementor-element-08d8bd7\" data-id=\"08d8bd7\" data-element_type=\"column\" data-e-type=\"column\"> \t\t\t<div class=\"elementor-widget-wrap elementor-element-populated\"> \t\t\t\t\t\t<div class=\"elementor-element elementor-element-d9be521 elementor-widget elementor-widget-image\" data-id=\"d9be521\" data-element_type=\"widget\" data-e-type=\"widget\" data-widget_type=\"image.default\"> \t\t\t\t\t\t\t\t\t\t\t\t\t\t\t<img decoding=\"async\" width=\"750\" height=\"685\" src=\"https:\/\/shuliypugmill.com\/wp-content\/uploads\/2021\/09\/visitors.jpg\" class=\"attachment-large size-large wp-image-324\" alt=\"visitantes\" srcset=\"https:\/\/shuliypugmill.com\/wp-content\/uploads\/2021\/09\/visitors.jpg 750w, https:\/\/shuliypugmill.com\/wp-content\/uploads\/2021\/09\/visitors-300x274.jpg 300w\" sizes=\"(max-width: 750px) 100vw, 750px\" title=\"\">\t\t\t\t\t\t\t\t\t\t\t\t\t\t\t<\/div> \t\t\t\t\t<\/div> \t\t<\/div> \t\t\t\t<div class=\"elementor-column elementor-col-50 elementor-top-column elementor-element elementor-element-8b049a5\" data-id=\"8b049a5\" data-element_type=\"column\" data-e-type=\"column\"> \t\t\t<div class=\"elementor-widget-wrap elementor-element-populated\"> \t\t\t\t\t\t<div class=\"elementor-element elementor-element-6c78662 elementor-widget elementor-widget-heading\" data-id=\"6c78662\" data-element_type=\"widget\" data-e-type=\"widget\" data-widget_type=\"heading.default\"> \t\t\t\t\t<h2 class=\"elementor-heading-title elementor-size-default\">Conquista empresarial<\/h2>\t\t\t\t<\/div> \t\t\t\t<div class=\"elementor-element elementor-element-db21607 elementor-widget elementor-widget-text-editor\" data-id=\"db21607\" data-element_type=\"widget\" data-e-type=\"widget\" data-widget_type=\"text-editor.default\"> \t\t\t\t\t\t\t\t\t<p>A Shuliy Machinery produz milhares de equipamentos anualmente e seus produtos s\u00e3o exportados para mais de dez regi\u00f5es e regi\u00f5es como Sudeste Asi\u00e1tico, Europa, Am\u00e9rica e \u00c1frica. Nos \u00faltimos anos, a empresa fortaleceu continuamente a coopera\u00e7\u00e3o internacional e estabeleceu boas rela\u00e7\u00f5es de coopera\u00e7\u00e3o com clientes na R\u00fassia, Jap\u00e3o, M\u00e9xico, Iraque, \u00c1frica do Sul, Alemanha, Su\u00ed\u00e7a e outras regi\u00f5es. A empresa Shuli possui uma gest\u00e3o de qualidade completa e cient\u00edfica e um sistema de servi\u00e7o de vendas tecnicamente superior, os produtos passaram pela certifica\u00e7\u00e3o ISO9001 e UT, e a rede de marketing est\u00e1 em todo o pa\u00eds. Sinceramente, damos as boas-vindas a novos e velhos amigos de todo o mundo para nos ligar ou escrever e sinceramente convidamos voc\u00ea a visitar nossa f\u00e1brica para inspe\u00e7\u00e3o e orienta\u00e7\u00e3o no local, para vir \u00e0 Shuliy Machinery como convidado e negociar neg\u00f3cios.<\/p>\t\t\t\t\t\t\t\t<\/div> \t\t\t\t\t<\/div> \t\t<\/div> \t\t\t\t\t<\/div> \t\t<\/section> \t\t\t\t<section class=\"elementor-section elementor-top-section elementor-element elementor-element-1da0570 elementor-section-boxed elementor-section-height-default elementor-section-height-default\" data-id=\"1da0570\" data-element_type=\"section\" data-e-type=\"section\"> \t\t\t\t\t\t<div class=\"elementor-container elementor-column-gap-wider\"> \t\t\t\t\t<div class=\"elementor-column elementor-col-50 elementor-top-column elementor-element elementor-element-40827c7\" data-id=\"40827c7\" data-element_type=\"column\" data-e-type=\"column\"> \t\t\t<div class=\"elementor-widget-wrap elementor-element-populated\"> \t\t\t\t\t\t<div class=\"elementor-element elementor-element-177c089 elementor-widget elementor-widget-heading\" data-id=\"177c089\" data-element_type=\"widget\" data-e-type=\"widget\" data-widget_type=\"heading.default\"> \t\t\t\t\t<h2 class=\"elementor-heading-title elementor-size-default\">Nossa miss\u00e3o e valores<\/h2>\t\t\t\t<\/div> \t\t\t\t<div class=\"elementor-element elementor-element-f48c494 elementor-widget elementor-widget-text-editor\" data-id=\"f48c494\" data-element_type=\"widget\" data-e-type=\"widget\" data-widget_type=\"text-editor.default\"> \t\t\t\t\t\t\t\t\t<p>Miss\u00e3o: Deixar as m\u00e1quinas chinesas mudarem todos os cantos do mundo.<\/p><p>Valores: Integridade, Gratid\u00e3o, Altru\u00edsmo e Ajuda M\u00fatua.<\/p>\t\t\t\t\t\t\t\t<\/div> \t\t\t\t\t<\/div> \t\t<\/div> \t\t\t\t<div class=\"elementor-column elementor-col-50 elementor-top-column elementor-element elementor-element-085b67d\" data-id=\"085b67d\" data-element_type=\"column\" data-e-type=\"column\"> \t\t\t<div class=\"elementor-widget-wrap elementor-element-populated\"> \t\t\t\t\t\t<div class=\"elementor-element elementor-element-3793839 elementor-widget elementor-widget-image\" data-id=\"3793839\" data-element_type=\"widget\" data-e-type=\"widget\" data-widget_type=\"image.default\"> \t\t\t\t\t\t\t\t\t\t\t\t\t\t\t<img decoding=\"async\" width=\"800\" height=\"594\" src=\"https:\/\/shuliypugmill.com\/wp-content\/uploads\/2021\/09\/company-profile.png\" class=\"attachment-large size-large wp-image-325\" alt=\"perfil de companhia\" srcset=\"https:\/\/shuliypugmill.com\/wp-content\/uploads\/2021\/09\/company-profile.png 800w, https:\/\/shuliypugmill.com\/wp-content\/uploads\/2021\/09\/company-profile-300x223.png 300w, https:\/\/shuliypugmill.com\/wp-content\/uploads\/2021\/09\/company-profile-768x570.png 768w\" sizes=\"(max-width: 800px) 100vw, 800px\" title=\"\">\t\t\t\t\t\t\t\t\t\t\t\t\t\t\t<\/div> \t\t\t\t\t<\/div> \t\t<\/div> \t\t\t\t\t<\/div> \t\t<\/section> \t\t\t\t<\/div>","protected":false},"excerpt":{"rendered":"<p>Shuliy Machinery Equipment Co., Ltd About Us Company profile Shuliy Machinery specializes in the production of clay tile machines, vacuum tile machines, antique tile machines, ancient tile machines, vacuum clay tile machines, small blue tile machine, clay mixing machines, claystone discharging brick making machines, multi-function vacuum clay making machines It is a manufacturer of ancient [&hellip;]<\/p>\n","protected":false},"author":1,"featured_media":0,"parent":0,"menu_order":0,"comment_status":"closed","ping_status":"closed","template":"","meta":{"_acf_changed":false,"footnotes":""},"class_list":["post-12","page","type-page","status-publish","hentry"],"acf":[],"_links":{"self":[{"href":"https:\/\/shuliypugmill.com\/pt\/wp-json\/wp\/v2\/pages\/12","targetHints":{"allow":["GET"]}}],"collection":[{"href":"https:\/\/shuliypugmill.com\/pt\/wp-json\/wp\/v2\/pages"}],"about":[{"href":"https:\/\/shuliypugmill.com\/pt\/wp-json\/wp\/v2\/types\/page"}],"author":[{"embeddable":true,"href":"https:\/\/shuliypugmill.com\/pt\/wp-json\/wp\/v2\/users\/1"}],"replies":[{"embeddable":true,"href":"https:\/\/shuliypugmill.com\/pt\/wp-json\/wp\/v2\/comments?post=12"}],"version-history":[{"count":0,"href":"https:\/\/shuliypugmill.com\/pt\/wp-json\/wp\/v2\/pages\/12\/revisions"}],"wp:attachment":[{"href":"https:\/\/shuliypugmill.com\/pt\/wp-json\/wp\/v2\/media?parent=12"}],"curies":[{"name":"wp","href":"https:\/\/api.w.org\/{rel}","templated":true}]}}