{"id":15,"date":"2021-08-24T09:38:57","date_gmt":"2021-08-24T09:38:57","guid":{"rendered":"https:\/\/shuliypugmill.com\/?page_id=15"},"modified":"2025-07-28T14:10:00","modified_gmt":"2025-07-28T06:10:00","slug":"contact-us","status":"publish","type":"page","link":"https:\/\/shuliypugmill.com\/pt\/contact-us\/","title":{"rendered":"Contate-nos"},"content":{"rendered":"<div data-elementor-type=\"wp-page\" data-elementor-id=\"15\" class=\"elementor elementor-15\" data-elementor-post-type=\"page\"> \t\t\t\t<div class=\"elementor-element elementor-element-c0b8ac4 e-flex e-con-boxed e-con e-parent\" data-id=\"c0b8ac4\" data-element_type=\"container\" data-e-type=\"container\" data-settings=\"{&quot;background_background&quot;:&quot;classic&quot;}\"> \t\t\t\t\t<div class=\"e-con-inner\"> \t\t\t\t<div class=\"elementor-element elementor-element-f7efe7a elementor-widget elementor-widget-heading\" data-id=\"f7efe7a\" data-element_type=\"widget\" data-e-type=\"widget\" data-widget_type=\"heading.default\"> \t\t\t\t\t<h2 class=\"elementor-heading-title elementor-size-default\">Contate-nos<\/h2>\t\t\t\t<\/div> \t\t\t\t\t<\/div> \t\t\t\t<\/div> \t\t<div class=\"elementor-element elementor-element-c6297d3 e-flex e-con-boxed e-con e-parent\" data-id=\"c6297d3\" data-element_type=\"container\" data-e-type=\"container\"> \t\t\t\t\t<div class=\"e-con-inner\"> \t\t\t\t<div class=\"elementor-element elementor-element-7e44282 elementor-widget elementor-widget-text-editor\" data-id=\"7e44282\" data-element_type=\"widget\" data-e-type=\"widget\" data-widget_type=\"text-editor.default\"> \t\t\t\t\t\t\t\t\t<p>Nosso objetivo \u00e9 oferecer aos clientes um servi\u00e7o perfeito de pr\u00e9-venda, venda e p\u00f3s-venda, caso precise, n\u00e3o hesite em nos contatar.<\/p>\t\t\t\t\t\t\t\t<\/div> \t\t\t\t<div class=\"elementor-element elementor-element-7b2b741 elementor-icon-list--layout-traditional elementor-list-item-link-full_width elementor-widget elementor-widget-icon-list\" data-id=\"7b2b741\" data-element_type=\"widget\" data-e-type=\"widget\" data-widget_type=\"icon-list.default\"> \t\t\t\t\t\t\t<ul class=\"elementor-icon-list-items\"> \t\t\t\t\t\t\t<li class=\"elementor-icon-list-item\"> \t\t\t\t\t\t\t\t\t\t\t<span class=\"elementor-icon-list-icon\"> \t\t\t\t\t\t\t<svg aria-hidden=\"true\" class=\"e-font-icon-svg e-far-envelope\" viewbox=\"0 0 512 512\" xmlns=\"http:\/\/www.w3.org\/2000\/svg\"><path d=\"M464 64H48C21.49 64 0 85.49 0 112v288c0 26.51 21.49 48 48 48h416c26.51 0 48-21.49 48-48V112c0-26.51-21.49-48-48-48zm0 48v40.805c-22.422 18.259-58.168 46.651-134.587 106.49-16.841 13.247-50.201 45.072-73.413 44.701-23.208.375-56.579-31.459-73.413-44.701C106.18 199.465 70.425 171.067 48 152.805V112h416zM48 400V214.398c22.914 18.251 55.409 43.862 104.938 82.646 21.857 17.205 60.134 55.186 103.062 54.955 42.717.231 80.509-37.199 103.053-54.947 49.528-38.783 82.032-64.401 104.947-82.653V400H48z\"><\/path><\/svg>\t\t\t\t\t\t<\/span> \t\t\t\t\t\t\t\t\t\t<span class=\"elementor-icon-list-text\">E-mail: info@shuliypugmill.com<\/span> \t\t\t\t\t\t\t\t\t<\/li> \t\t\t\t\t\t\t\t<li class=\"elementor-icon-list-item\"> \t\t\t\t\t\t\t\t\t\t\t<span class=\"elementor-icon-list-icon\"> \t\t\t\t\t\t\t<svg aria-hidden=\"true\" class=\"e-font-icon-svg e-fas-phone\" viewbox=\"0 0 512 512\" xmlns=\"http:\/\/www.w3.org\/2000\/svg\"><path d=\"M493.4 24.6l-104-24c-11.3-2.6-22.9 3.3-27.5 13.9l-48 112c-4.2 9.8-1.4 21.3 6.9 28l60.6 49.6c-36 76.7-98.9 140.5-177.2 177.2l-49.6-60.6c-6.8-8.3-18.2-11.1-28-6.9l-112 48C3.9 366.5-2 378.1.6 389.4l24 104C27.1 504.2 36.7 512 48 512c256.1 0 464-207.5 464-464 0-11.2-7.7-20.9-18.6-23.4z\"><\/path><\/svg>\t\t\t\t\t\t<\/span> \t\t\t\t\t\t\t\t\t\t<span class=\"elementor-icon-list-text\">Telefone e WhatsApp: +86 19139754732<\/span> \t\t\t\t\t\t\t\t\t<\/li> \t\t\t\t\t\t\t\t<li class=\"elementor-icon-list-item\"> \t\t\t\t\t\t\t\t\t\t\t<span class=\"elementor-icon-list-icon\"> \t\t\t\t\t\t\t<svg aria-hidden=\"true\" class=\"e-font-icon-svg e-fas-map-signs\" viewbox=\"0 0 512 512\" xmlns=\"http:\/\/www.w3.org\/2000\/svg\"><path d=\"M507.31 84.69L464 41.37c-6-6-14.14-9.37-22.63-9.37H288V16c0-8.84-7.16-16-16-16h-32c-8.84 0-16 7.16-16 16v16H56c-13.25 0-24 10.75-24 24v80c0 13.25 10.75 24 24 24h385.37c8.49 0 16.62-3.37 22.63-9.37l43.31-43.31c6.25-6.26 6.25-16.38 0-22.63zM224 496c0 8.84 7.16 16 16 16h32c8.84 0 16-7.16 16-16V384h-64v112zm232-272H288v-32h-64v32H70.63c-8.49 0-16.62 3.37-22.63 9.37L4.69 276.69c-6.25 6.25-6.25 16.38 0 22.63L48 342.63c6 6 14.14 9.37 22.63 9.37H456c13.25 0 24-10.75 24-24v-80c0-13.25-10.75-24-24-24z\"><\/path><\/svg>\t\t\t\t\t\t<\/span> \t\t\t\t\t\t\t\t\t\t<span class=\"elementor-icon-list-text\">Endere\u00e7o: Estrada N\u00e1utica Leste, Zona de Desenvolvimento Econ\u00f4mico de Zhengzhou, Henan, China.<\/span> \t\t\t\t\t\t\t\t\t<\/li> \t\t\t\t\t\t<\/ul> \t\t\t\t\t\t<\/div> \t\t\t\t\t<\/div> \t\t\t\t<\/div> \t\t\t\t<\/div>","protected":false},"excerpt":{"rendered":"<p>Contacte-nos O nosso objetivo \u00e9 fornecer aos clientes um servi\u00e7o pr\u00e9-venda, venda e p\u00f3s-venda perfeito. Se precisar, sinta-se \u00e0 vontade para nos contactar. Email: info@shuliypugmill.com Telefone e WhatsApp:+86 19139754732 Morada: Nautical Road East, Zhengzhou Economic Development Zone, Henan, China.<\/p>","protected":false},"author":1,"featured_media":0,"parent":0,"menu_order":0,"comment_status":"closed","ping_status":"closed","template":"","meta":{"_acf_changed":false,"footnotes":""},"class_list":["post-15","page","type-page","status-publish","hentry"],"acf":[],"_links":{"self":[{"href":"https:\/\/shuliypugmill.com\/pt\/wp-json\/wp\/v2\/pages\/15","targetHints":{"allow":["GET"]}}],"collection":[{"href":"https:\/\/shuliypugmill.com\/pt\/wp-json\/wp\/v2\/pages"}],"about":[{"href":"https:\/\/shuliypugmill.com\/pt\/wp-json\/wp\/v2\/types\/page"}],"author":[{"embeddable":true,"href":"https:\/\/shuliypugmill.com\/pt\/wp-json\/wp\/v2\/users\/1"}],"replies":[{"embeddable":true,"href":"https:\/\/shuliypugmill.com\/pt\/wp-json\/wp\/v2\/comments?post=15"}],"version-history":[{"count":0,"href":"https:\/\/shuliypugmill.com\/pt\/wp-json\/wp\/v2\/pages\/15\/revisions"}],"wp:attachment":[{"href":"https:\/\/shuliypugmill.com\/pt\/wp-json\/wp\/v2\/media?parent=15"}],"curies":[{"name":"wp","href":"https:\/\/api.w.org\/{rel}","templated":true}]}}